{"id":3,"date":"2023-12-30T17:24:25","date_gmt":"2023-12-30T16:24:25","guid":{"rendered":"https:\/\/villahillside.com\/?page_id=3"},"modified":"2025-05-20T13:23:17","modified_gmt":"2025-05-20T11:23:17","slug":"privacy-policy","status":"publish","type":"page","link":"https:\/\/villahillside.com\/hu\/privacy-policy\/","title":{"rendered":"Adatkezel\u00e9si t\u00e1j\u00e9koztat\u00f3"},"content":{"rendered":"<\/p>\n\n\n\n<h2 class=\"wp-block-heading\"><strong>Adatkezel\u0151<\/strong><\/h2>\n\n\n\n<p>Az&nbsp;adatkezel\u0151&nbsp;a&nbsp;Villa&nbsp;Hillside&nbsp;Vrbnik,&nbsp;Vrani&nbsp;16c,&nbsp;51516&nbsp;Vrbnik,&nbsp;Horv\u00e1torsz\u00e1g.&nbsp;Az&nbsp;adatv\u00e9delemmel&nbsp;kapcsolatos&nbsp;k\u00e9rd\u00e9sekkel&nbsp;forduljon&nbsp;hozz\u00e1nk&nbsp;a&nbsp;<a>reservation@villahillside.com<\/a>&nbsp;c\u00edmen.<\/p>\n\n\n\n<h2 class=\"wp-block-heading\"><strong>Adatgy\u0171jt\u00e9s<\/strong><\/h2>\n\n\n\n<p>A&nbsp;k\u00f6vetkez\u0151&nbsp;szem\u00e9lyes&nbsp;adatokat&nbsp;gy\u0171jtj\u00fck:<\/p>\n\n\n\n<ul class=\"wp-block-list\">\n<li>Teljes&nbsp;n\u00e9v<\/li>\n\n\n\n<li>E-mail&nbsp;c\u00edm<\/li>\n\n\n\n<li>Telefonsz\u00e1m<\/li>\n\n\n\n<li>Foglal\u00e1si&nbsp;adatok (tart\u00f3zkod\u00e1s&nbsp;d\u00e1tumai,&nbsp;vend\u00e9gek&nbsp;sz\u00e1ma)<\/li>\n\n\n\n<li>IP-c\u00edm&nbsp;\u00e9s&nbsp;s\u00fctik&nbsp;a&nbsp;weboldalunkon&nbsp;kereszt\u00fcl<\/li>\n<\/ul>\n\n\n\n<h2 class=\"wp-block-heading\"><strong>Adatkezel\u00e9s&nbsp;c\u00e9lja<\/strong><\/h2>\n\n\n\n<p>Az&nbsp;adatokat&nbsp;az&nbsp;al\u00e1bbi&nbsp;c\u00e9lokra&nbsp;gy\u0171jtj\u00fck:<\/p>\n\n\n\n<ul class=\"wp-block-list\">\n<li>Foglal\u00e1sok&nbsp;feldolgoz\u00e1sa&nbsp;\u00e9s&nbsp;visszaigazol\u00e1sa<\/li>\n\n\n\n<li>Kapcsolattart\u00e1s&nbsp;a&nbsp;vend\u00e9gekkel<\/li>\n\n\n\n<li>Jogi&nbsp;k\u00f6telezetts\u00e9gek&nbsp;teljes\u00edt\u00e9se<\/li>\n\n\n\n<li>A&nbsp;weboldal&nbsp;felhaszn\u00e1l\u00f3i&nbsp;\u00e9lm\u00e9ny\u00e9nek&nbsp;jav\u00edt\u00e1sa<\/li>\n<\/ul>\n\n\n\n<h2 class=\"wp-block-heading\"><strong>Adatok&nbsp;megoszt\u00e1sa<\/strong><\/h2>\n\n\n\n<p>Az&nbsp;\u00d6n&nbsp;adatait&nbsp;nem&nbsp;osztjuk&nbsp;meg&nbsp;harmadik&nbsp;felekkel,&nbsp;kiv\u00e9ve,&nbsp;ha&nbsp;ez&nbsp;jogi&nbsp;k\u00f6telezetts\u00e9gek&nbsp;teljes\u00edt\u00e9s\u00e9hez&nbsp;vagy&nbsp;szolg\u00e1ltat\u00e1saink&nbsp;ny\u00fajt\u00e1s\u00e1hoz&nbsp;sz\u00fcks\u00e9ges (pl.&nbsp;ad\u00f3sz\u00e1m\u00edt\u00e1s,&nbsp;vend\u00e9gek&nbsp;regisztr\u00e1ci\u00f3ja).<\/p>\n\n\n\n<h2 class=\"wp-block-heading\"><strong>S\u00fctik<\/strong><\/h2>\n\n\n\n<p>Weboldalunk&nbsp;s\u00fctiket&nbsp;haszn\u00e1l&nbsp;a&nbsp;forgal<\/p>\n\n\n<p><\/p>","protected":false},"excerpt":{"rendered":"","protected":false},"author":2,"featured_media":0,"parent":0,"menu_order":0,"comment_status":"closed","ping_status":"closed","template":"","meta":{"footnotes":""},"class_list":["post-3","page","type-page","status-publish","hentry"],"_links":{"self":[{"href":"https:\/\/villahillside.com\/hu\/wp-json\/wp\/v2\/pages\/3","targetHints":{"allow":["GET"]}}],"collection":[{"href":"https:\/\/villahillside.com\/hu\/wp-json\/wp\/v2\/pages"}],"about":[{"href":"https:\/\/villahillside.com\/hu\/wp-json\/wp\/v2\/types\/page"}],"author":[{"embeddable":true,"href":"https:\/\/villahillside.com\/hu\/wp-json\/wp\/v2\/users\/2"}],"replies":[{"embeddable":true,"href":"https:\/\/villahillside.com\/hu\/wp-json\/wp\/v2\/comments?post=3"}],"version-history":[{"count":13,"href":"https:\/\/villahillside.com\/hu\/wp-json\/wp\/v2\/pages\/3\/revisions"}],"predecessor-version":[{"id":877,"href":"https:\/\/villahillside.com\/hu\/wp-json\/wp\/v2\/pages\/3\/revisions\/877"}],"wp:attachment":[{"href":"https:\/\/villahillside.com\/hu\/wp-json\/wp\/v2\/media?parent=3"}],"curies":[{"name":"wp","href":"https:\/\/api.w.org\/{rel}","templated":true}]}}