{"id":3,"date":"2023-12-30T17:24:25","date_gmt":"2023-12-30T16:24:25","guid":{"rendered":"https:\/\/villahillside.com\/?page_id=3"},"modified":"2025-05-20T13:23:17","modified_gmt":"2025-05-20T11:23:17","slug":"privacy-policy","status":"publish","type":"page","link":"https:\/\/villahillside.com\/hr\/privacy-policy\/","title":{"rendered":"Politika privatnosti"},"content":{"rendered":"<\/p>\n\n\n\n<h2 class=\"wp-block-heading\">Voditelj&nbsp;obrade<\/h2>\n\n\n\n<p>Voditelj&nbsp;obrade&nbsp;osobnih&nbsp;podataka&nbsp;je&nbsp;Villa&nbsp;Hillside&nbsp;Vrbnik,&nbsp;Vrani&nbsp;16c,&nbsp;51516&nbsp;Vrbnik,&nbsp;Hrvatska.&nbsp;Za&nbsp;sva&nbsp;pitanja&nbsp;vezana&nbsp;uz&nbsp;za\u0161titu&nbsp;podataka,&nbsp;mo\u017eete&nbsp;nas&nbsp;kontaktirati&nbsp;na&nbsp;<a>reservation@villahillside.com<\/a>.<\/p>\n\n\n\n<h2 class=\"wp-block-heading\">Prikupljanje&nbsp;podataka<\/h2>\n\n\n\n<p>Prikupljamo&nbsp;sljede\u0107e&nbsp;osobne&nbsp;podatke:<\/p>\n\n\n\n<ul class=\"wp-block-list\">\n<li>Ime&nbsp;i&nbsp;prezime<\/li>\n\n\n\n<li>E-mail&nbsp;adresa<\/li>\n\n\n\n<li>Broj&nbsp;telefona<\/li>\n\n\n\n<li>Podaci&nbsp;o&nbsp;rezervaciji (datumi&nbsp;boravka,&nbsp;broj&nbsp;gostiju)<\/li>\n\n\n\n<li>IP&nbsp;adresa&nbsp;i&nbsp;kola\u010di\u0107i (cookies)&nbsp;putem&nbsp;na\u0161e&nbsp;web&nbsp;stranice<\/li>\n<\/ul>\n\n\n\n<h2 class=\"wp-block-heading\">Svrha&nbsp;obrade<\/h2>\n\n\n\n<p>Podatke&nbsp;prikupljamo&nbsp;u&nbsp;svrhu:<\/p>\n\n\n\n<ul class=\"wp-block-list\">\n<li>Obrade&nbsp;i&nbsp;potvrde&nbsp;rezervacija<\/li>\n\n\n\n<li>Komunikacije&nbsp;s&nbsp;gostima<\/li>\n\n\n\n<li>Ispunjavanja&nbsp;zakonskih&nbsp;obveza<\/li>\n\n\n\n<li>Unapre\u0111enja&nbsp;korisni\u010dkog&nbsp;iskustva&nbsp;na&nbsp;web&nbsp;stranici<\/li>\n<\/ul>\n\n\n\n<h2 class=\"wp-block-heading\">Dijeljenje&nbsp;podataka<\/h2>\n\n\n\n<p>Va\u0161e&nbsp;podatke&nbsp;ne&nbsp;dijelimo&nbsp;s&nbsp;tre\u0107im&nbsp;stranama,&nbsp;osim&nbsp;kada&nbsp;je&nbsp;to&nbsp;potrebno&nbsp;za&nbsp;ispunjavanje&nbsp;zakonskih&nbsp;obveza&nbsp;ili&nbsp;kada&nbsp;je&nbsp;to&nbsp;nu\u017eno&nbsp;za&nbsp;pru\u017eanje&nbsp;na\u0161ih&nbsp;usluga (npr.&nbsp;obra\u010dun&nbsp;poreza,&nbsp;prijava&nbsp;gostiju).<\/p>\n\n\n\n<h2 class=\"wp-block-heading\">Kola\u010di\u0107i<\/h2>\n\n\n\n<p>Na\u0161a&nbsp;web&nbsp;stranica&nbsp;koristi&nbsp;kola\u010di\u0107e&nbsp;za&nbsp;analizu&nbsp;prometa&nbsp;i&nbsp;pobolj\u0161anje&nbsp;funkcionalnosti.&nbsp;Kori\u0161tenjem&nbsp;stranice&nbsp;pristajete&nbsp;na&nbsp;upotrebu&nbsp;kola\u010di\u0107a.&nbsp;Vi\u0161e&nbsp;informacija&nbsp;dostupno&nbsp;je&nbsp;u&nbsp;na\u0161oj&nbsp;politici&nbsp;kola\u010di\u0107a.<\/p>\n\n\n\n<h2 class=\"wp-block-heading\">Prava&nbsp;korisnika<\/h2>\n\n\n\n<p>U&nbsp;skladu&nbsp;s&nbsp;GDPR-om,&nbsp;imate&nbsp;pravo&nbsp;na&nbsp;pristup&nbsp;svojim&nbsp;podacima,&nbsp;ispravak&nbsp;neto\u010dnih&nbsp;podataka,&nbsp;brisanje&nbsp;podataka,&nbsp;ograni\u010denje&nbsp;obrade&nbsp;i&nbsp;prigovor&nbsp;na&nbsp;obradu.&nbsp;Za&nbsp;ostvarivanje&nbsp;svojih&nbsp;prava,&nbsp;kontaktirajte&nbsp;nas&nbsp;na&nbsp;<a>reservation@villahillside.com<\/a>.<\/p>\n\n\n<p><\/p>","protected":false},"excerpt":{"rendered":"","protected":false},"author":2,"featured_media":0,"parent":0,"menu_order":0,"comment_status":"closed","ping_status":"closed","template":"","meta":{"footnotes":""},"class_list":["post-3","page","type-page","status-publish","hentry"],"_links":{"self":[{"href":"https:\/\/villahillside.com\/hr\/wp-json\/wp\/v2\/pages\/3","targetHints":{"allow":["GET"]}}],"collection":[{"href":"https:\/\/villahillside.com\/hr\/wp-json\/wp\/v2\/pages"}],"about":[{"href":"https:\/\/villahillside.com\/hr\/wp-json\/wp\/v2\/types\/page"}],"author":[{"embeddable":true,"href":"https:\/\/villahillside.com\/hr\/wp-json\/wp\/v2\/users\/2"}],"replies":[{"embeddable":true,"href":"https:\/\/villahillside.com\/hr\/wp-json\/wp\/v2\/comments?post=3"}],"version-history":[{"count":13,"href":"https:\/\/villahillside.com\/hr\/wp-json\/wp\/v2\/pages\/3\/revisions"}],"predecessor-version":[{"id":877,"href":"https:\/\/villahillside.com\/hr\/wp-json\/wp\/v2\/pages\/3\/revisions\/877"}],"wp:attachment":[{"href":"https:\/\/villahillside.com\/hr\/wp-json\/wp\/v2\/media?parent=3"}],"curies":[{"name":"wp","href":"https:\/\/api.w.org\/{rel}","templated":true}]}}