{"id":12,"date":"2024-03-10T12:26:34","date_gmt":"2024-03-10T11:26:34","guid":{"rendered":"https:\/\/villahillside.com\/?page_id=12"},"modified":"2025-05-20T13:21:03","modified_gmt":"2025-05-20T11:21:03","slug":"terms-and-conditions","status":"publish","type":"page","link":"https:\/\/villahillside.com\/hr\/terms-and-conditions\/","title":{"rendered":"Korisni\u010dki ugovor"},"content":{"rendered":"<\/p>\n\n\n\n<h2 class=\"wp-block-heading\">Op\u0107enito<\/h2>\n\n\n\n<p>Dobrodo\u0161li&nbsp;na&nbsp;web&nbsp;stranicu&nbsp;<a href=\"https:\/\/villahillsidevrbnik.com\/hr\" target=\"_blank\" rel=\"noopener\">villahillsidevrbnik.com<\/a>.&nbsp;Kori\u0161tenjem&nbsp;ove&nbsp;stranice&nbsp;prihva\u0107ate&nbsp;sljede\u0107e&nbsp;uvjete&nbsp;kori\u0161tenja.&nbsp;Ako&nbsp;se&nbsp;ne&nbsp;sla\u017eete&nbsp;s&nbsp;uvjetima,&nbsp;molimo&nbsp;vas&nbsp;da&nbsp;ne&nbsp;koristite&nbsp;ovu&nbsp;stranicu.<\/p>\n\n\n\n<h2 class=\"wp-block-heading\">Usluge<\/h2>\n\n\n\n<p>Villa&nbsp;Hillside&nbsp;Vrbnik&nbsp;nudi&nbsp;luksuzni&nbsp;smje\u0161taj&nbsp;za&nbsp;kratkoro\u010dni&nbsp;najam.&nbsp;Rezervacije&nbsp;se&nbsp;mogu&nbsp;izvr\u0161iti&nbsp;putem&nbsp;na\u0161e&nbsp;web&nbsp;stranice,&nbsp;e-po\u0161te&nbsp;ili&nbsp;telefonski.&nbsp;Sve&nbsp;rezervacije&nbsp;podlije\u017eu&nbsp;dostupnosti&nbsp;i&nbsp;potvrdi&nbsp;od&nbsp;strane&nbsp;vlasnika.<\/p>\n\n\n\n<h2 class=\"wp-block-heading\">Cijene&nbsp;i&nbsp;pla\u0107anje<\/h2>\n\n\n\n<p>Cijene&nbsp;najma&nbsp;su&nbsp;izra\u017eene&nbsp;u&nbsp;eurima (EUR)&nbsp;i&nbsp;uklju\u010duju&nbsp;PDV.&nbsp;Pla\u0107anje&nbsp;se&nbsp;vr\u0161i&nbsp;unaprijed&nbsp;putem&nbsp;bankovnog&nbsp;transfera&nbsp;ili&nbsp;drugih&nbsp;dogovorenih&nbsp;metoda.&nbsp;Detalji&nbsp;o&nbsp;pla\u0107anju&nbsp;bit&nbsp;\u0107e&nbsp;navedeni&nbsp;u&nbsp;potvrdi&nbsp;rezervacije.<\/p>\n\n\n\n<h2 class=\"wp-block-heading\">Otkazivanje&nbsp;i&nbsp;povrat<\/h2>\n\n\n\n<p>Politika&nbsp;otkazivanja&nbsp;bit&nbsp;\u0107e&nbsp;jasno&nbsp;navedena&nbsp;u&nbsp;potvrdi&nbsp;rezervacije.&nbsp;U&nbsp;slu\u010daju&nbsp;otkazivanja&nbsp;od&nbsp;strane&nbsp;gosta,&nbsp;primjenjuju&nbsp;se&nbsp;uvjeti&nbsp;povrata&nbsp;sredstava&nbsp;kako&nbsp;je&nbsp;navedeno&nbsp;u&nbsp;politici&nbsp;otkazivanja.<\/p>\n\n\n\n<h2 class=\"wp-block-heading\">Odgovornost<\/h2>\n\n\n\n<p>Vlasnik&nbsp;ne&nbsp;odgovara&nbsp;za&nbsp;eventualne&nbsp;\u0161tete,&nbsp;gubitke&nbsp;ili&nbsp;ozljede&nbsp;nastale&nbsp;tijekom&nbsp;boravka,&nbsp;osim&nbsp;ako&nbsp;su&nbsp;uzrokovane&nbsp;nemarom&nbsp;vlasnika.&nbsp;Gosti&nbsp;su&nbsp;odgovorni&nbsp;za&nbsp;svu&nbsp;\u0161tetu&nbsp;koju&nbsp;prouzro\u010de&nbsp;tijekom&nbsp;boravka.<\/p>\n\n\n\n<h2 class=\"wp-block-heading\">Pravo&nbsp;izmjene<\/h2>\n\n\n\n<p>Vlasnik&nbsp;zadr\u017eava&nbsp;pravo&nbsp;izmjene&nbsp;ovih&nbsp;uvjeta&nbsp;kori\u0161tenja&nbsp;u&nbsp;bilo&nbsp;kojem&nbsp;trenutku.&nbsp;Promjene&nbsp;stupaju&nbsp;na&nbsp;snagu&nbsp;objavom&nbsp;na&nbsp;web&nbsp;stranici.<\/p>\n\n\n<p><\/p>\n\n\n\n<p><\/p>","protected":false},"excerpt":{"rendered":"","protected":false},"author":2,"featured_media":0,"parent":0,"menu_order":0,"comment_status":"closed","ping_status":"closed","template":"","meta":{"footnotes":""},"class_list":["post-12","page","type-page","status-publish","hentry"],"_links":{"self":[{"href":"https:\/\/villahillside.com\/hr\/wp-json\/wp\/v2\/pages\/12","targetHints":{"allow":["GET"]}}],"collection":[{"href":"https:\/\/villahillside.com\/hr\/wp-json\/wp\/v2\/pages"}],"about":[{"href":"https:\/\/villahillside.com\/hr\/wp-json\/wp\/v2\/types\/page"}],"author":[{"embeddable":true,"href":"https:\/\/villahillside.com\/hr\/wp-json\/wp\/v2\/users\/2"}],"replies":[{"embeddable":true,"href":"https:\/\/villahillside.com\/hr\/wp-json\/wp\/v2\/comments?post=12"}],"version-history":[{"count":10,"href":"https:\/\/villahillside.com\/hr\/wp-json\/wp\/v2\/pages\/12\/revisions"}],"predecessor-version":[{"id":875,"href":"https:\/\/villahillside.com\/hr\/wp-json\/wp\/v2\/pages\/12\/revisions\/875"}],"wp:attachment":[{"href":"https:\/\/villahillside.com\/hr\/wp-json\/wp\/v2\/media?parent=12"}],"curies":[{"name":"wp","href":"https:\/\/api.w.org\/{rel}","templated":true}]}}