{"id":3,"date":"2023-12-30T17:24:25","date_gmt":"2023-12-30T16:24:25","guid":{"rendered":"https:\/\/villahillside.com\/?page_id=3"},"modified":"2025-05-20T13:23:17","modified_gmt":"2025-05-20T11:23:17","slug":"privacy-policy","status":"publish","type":"page","link":"https:\/\/villahillside.com\/fr\/privacy-policy\/","title":{"rendered":"Politique de confidentialit\u00e9"},"content":{"rendered":"<\/p>\n\n\n\n<h2 class=\"wp-block-heading\"><strong>Responsable du traitement des donn\u00e9es<\/strong><\/h2>\n\n\n\n<p>Le responsable du traitement des donn\u00e9es est Villa Hillside Vrbnik, Vrani 16c, 51516 Vrbnik, Croatie. Pour toute question concernant la protection des donn\u00e9es, vous pouvez nous contacter \u00e0 l&#8217;adresse&nbsp;<a href=\"mailto:reservation@villahillside.com\">reservation@villahillside.com<\/a>.<\/p>\n\n\n\n<h2 class=\"wp-block-heading\"><strong>Collecte des donn\u00e9es<\/strong><\/h2>\n\n\n\n<p>Nous collectons les donn\u00e9es personnelles suivantes :<\/p>\n\n\n\n<ul class=\"wp-block-list\">\n<li>Nom et pr\u00e9nom<\/li>\n\n\n\n<li>Adresse e-mail<\/li>\n\n\n\n<li>Num\u00e9ro de t\u00e9l\u00e9phone<\/li>\n\n\n\n<li>D\u00e9tails de la r\u00e9servation (dates de s\u00e9jour, nombre de personnes)<\/li>\n\n\n\n<li>Adresse IP et cookies via notre site web<\/li>\n<\/ul>\n\n\n\n<h2 class=\"wp-block-heading\"><strong>Finalit\u00e9 du traitement<\/strong><\/h2>\n\n\n\n<p>Les donn\u00e9es sont collect\u00e9es aux fins suivantes :<\/p>\n\n\n\n<ul class=\"wp-block-list\">\n<li>Traitement et confirmation des r\u00e9servations<\/li>\n\n\n\n<li>Communication avec les clients<\/li>\n\n\n\n<li>Respect des obligations l\u00e9gales<\/li>\n\n\n\n<li>Am\u00e9lioration de l&#8217;exp\u00e9rience utilisateur sur le site web<\/li>\n<\/ul>\n\n\n\n<h2 class=\"wp-block-heading\"><strong>Partage des donn\u00e9es<\/strong><\/h2>\n\n\n\n<p>Vos donn\u00e9es ne sont pas partag\u00e9es avec des tiers, sauf si n\u00e9cessaire pour remplir des obligations l\u00e9gales ou si essentiel pour fournir nos services (ex. : calcul des taxes, enregistrement des clients).<\/p>\n\n\n\n<h2 class=\"wp-block-heading\"><strong>Cookies<\/strong><\/h2>\n\n\n\n<p>Notre site web utilise des cookies pour analyser le trafic et am\u00e9liorer les fonctionnalit\u00e9s. En utilisant le site, vous consentez \u00e0 l&#8217;utilisation des cookies. Plus d&#8217;informations sont disponibles dans notre politique sur les cookies.<\/p>\n\n\n\n<h2 class=\"wp-block-heading\"><strong>Droits des utilisateurs<\/strong><\/h2>\n\n\n\n<p>Conform\u00e9ment au RGPD, vous avez le droit d&#8217;acc\u00e9der \u00e0 vos donn\u00e9es, de corriger les donn\u00e9es inexactes, de supprimer les donn\u00e9es, de limiter le traitement et de vous opposer au traitement. Pour exercer vos droits, contactez-nous \u00e0 l&#8217;adresse&nbsp;<a href=\"mailto:reservation@villahillside.com\">reservation@villahillside.com<\/a>.<\/p>\n\n\n<p><\/p>","protected":false},"excerpt":{"rendered":"","protected":false},"author":2,"featured_media":0,"parent":0,"menu_order":0,"comment_status":"closed","ping_status":"closed","template":"","meta":{"footnotes":""},"class_list":["post-3","page","type-page","status-publish","hentry"],"_links":{"self":[{"href":"https:\/\/villahillside.com\/fr\/wp-json\/wp\/v2\/pages\/3","targetHints":{"allow":["GET"]}}],"collection":[{"href":"https:\/\/villahillside.com\/fr\/wp-json\/wp\/v2\/pages"}],"about":[{"href":"https:\/\/villahillside.com\/fr\/wp-json\/wp\/v2\/types\/page"}],"author":[{"embeddable":true,"href":"https:\/\/villahillside.com\/fr\/wp-json\/wp\/v2\/users\/2"}],"replies":[{"embeddable":true,"href":"https:\/\/villahillside.com\/fr\/wp-json\/wp\/v2\/comments?post=3"}],"version-history":[{"count":13,"href":"https:\/\/villahillside.com\/fr\/wp-json\/wp\/v2\/pages\/3\/revisions"}],"predecessor-version":[{"id":877,"href":"https:\/\/villahillside.com\/fr\/wp-json\/wp\/v2\/pages\/3\/revisions\/877"}],"wp:attachment":[{"href":"https:\/\/villahillside.com\/fr\/wp-json\/wp\/v2\/media?parent=3"}],"curies":[{"name":"wp","href":"https:\/\/api.w.org\/{rel}","templated":true}]}}