{"id":1115,"date":"2025-09-16T13:44:59","date_gmt":"2025-09-16T11:44:59","guid":{"rendered":"https:\/\/villahillside.com\/?page_id=1115"},"modified":"2025-09-16T13:45:00","modified_gmt":"2025-09-16T11:45:00","slug":"cookie-policy","status":"publish","type":"page","link":"https:\/\/villahillside.com\/de\/cookie-policy\/","title":{"rendered":"Cookie policy"},"content":{"rendered":"<div class=\"mhcookie-shortcode-wrapper mhcookie-shortcode-cookies-wrapper\" data-group=\"essential\">\n            <div class=\"mhcookie-shortcode-group\">\n                  <label class=\"mhcookie-shortcode-group-label\">Essenzielle<\/label>\n                  <div class=\"mhcookie-shortcode-group-description\">Essenzielle Cookies und Dienste erm\u00f6glichen grundlegende Funktionen und sind f\u00fcr das ordnungsgem\u00e4\u00dfe Funktionieren der Website erforderlich. Diese Cookies und Dienste erfordern keine Zustimmung des Nutzers gem\u00e4\u00df der DSGVO.<\/div>\n\n            <\/div>\n            <div class=\"mhcookie-shortcode-list-wrapper\" data-group=\"essential\">\n                  <ul class=\"mhcookie-shortcode-group--list\">\n                                                      <li class=\"mhcookie-shortcode-group--list-item\">\n                                    mhcookie                              <\/li>\n                                                      <li class=\"mhcookie-shortcode-group--list-item\">\n                                    wordpress_logged_in_*                              <\/li>\n                                                      <li class=\"mhcookie-shortcode-group--list-item\">\n                                    wp-settings-*                              <\/li>\n                                                      <li class=\"mhcookie-shortcode-group--list-item\">\n                                    wp-settings-time-*                              <\/li>\n                                          <\/ul>\n            <\/div>\n      <\/div>\n                                    <div class=\"mhcookie-shortcode-wrapper mhcookie-shortcode-cookies-wrapper\" data-group=\"analytics\">\n            <div class=\"mhcookie-shortcode-group\">\n                  <label class=\"mhcookie-shortcode-group-label\">Analyse<\/label>\n                  <div class=\"mhcookie-shortcode-group-description\">Statistik-Cookies sammeln Nutzungsinformationen, die uns Einblicke geben, wie unsere Besucher mit unserer Website interagieren.<\/div>\n\n            <\/div>\n            <div class=\"mhcookie-shortcode-list-wrapper\" data-group=\"analytics\">\n                  <ul class=\"mhcookie-shortcode-group--list\">\n                                                      <li class=\"mhcookie-shortcode-group--list-item\">\n                                    rank_math_analytics_date_range                              <\/li>\n                                          <\/ul>\n            <\/div>\n      <\/div>\n                                                <div class=\"mhcookie-shortcode-wrapper mhcookie-shortcode-cookies-wrapper\" data-group=\"other\">\n            <div class=\"mhcookie-shortcode-group\">\n                  <label class=\"mhcookie-shortcode-group-label\">Andere Dienste<\/label>\n                  <div class=\"mhcookie-shortcode-group-description\">Diese Kategorie umfasst alle Cookies, Domains und Dienste, die nicht in die anderen spezifischen Kategorien fallen oder nicht eindeutig kategorisiert wurden.<\/div>\n\n            <\/div>\n            <div class=\"mhcookie-shortcode-list-wrapper\" data-group=\"other\">\n                  <ul class=\"mhcookie-shortcode-group--list\">\n                                                      <li class=\"mhcookie-shortcode-group--list-item\">\n                                    _dd_s                              <\/li>\n                                                      <li class=\"mhcookie-shortcode-group--list-item\">\n                                    _ldgfy_c6y                              <\/li>\n                                          <\/ul>\n            <\/div>\n      <\/div>","protected":false},"excerpt":{"rendered":"","protected":false},"author":2,"featured_media":0,"parent":0,"menu_order":0,"comment_status":"closed","ping_status":"closed","template":"","meta":{"footnotes":""},"class_list":["post-1115","page","type-page","status-publish","hentry"],"_links":{"self":[{"href":"https:\/\/villahillside.com\/de\/wp-json\/wp\/v2\/pages\/1115","targetHints":{"allow":["GET"]}}],"collection":[{"href":"https:\/\/villahillside.com\/de\/wp-json\/wp\/v2\/pages"}],"about":[{"href":"https:\/\/villahillside.com\/de\/wp-json\/wp\/v2\/types\/page"}],"author":[{"embeddable":true,"href":"https:\/\/villahillside.com\/de\/wp-json\/wp\/v2\/users\/2"}],"replies":[{"embeddable":true,"href":"https:\/\/villahillside.com\/de\/wp-json\/wp\/v2\/comments?post=1115"}],"version-history":[{"count":2,"href":"https:\/\/villahillside.com\/de\/wp-json\/wp\/v2\/pages\/1115\/revisions"}],"predecessor-version":[{"id":1118,"href":"https:\/\/villahillside.com\/de\/wp-json\/wp\/v2\/pages\/1115\/revisions\/1118"}],"wp:attachment":[{"href":"https:\/\/villahillside.com\/de\/wp-json\/wp\/v2\/media?parent=1115"}],"curies":[{"name":"wp","href":"https:\/\/api.w.org\/{rel}","templated":true}]}}